{"id":39,"date":"2023-07-20T08:46:43","date_gmt":"2023-07-20T06:46:43","guid":{"rendered":"https:\/\/katharina-siebrecht.com\/?page_id=39"},"modified":"2025-05-15T13:50:30","modified_gmt":"2025-05-15T11:50:30","slug":"algemene-voorwaarden","status":"publish","type":"page","link":"https:\/\/katharina-siebrecht.com\/en\/algemene-voorwaarden\/","title":{"rendered":"Algemene voorwaarden"},"content":{"rendered":"<p>[et_pb_section fb_built=&#8220;1&#8243; _builder_version=&#8220;4.21.0&#8243; _module_preset=&#8220;default&#8220; background_color=&#8220;#BED2DC&#8220; global_colors_info=&#8220;{}&#8220;][et_pb_row column_structure=&#8220;1_3,2_3&#8243; _builder_version=&#8220;4.21.0&#8243; _module_preset=&#8220;default&#8220; custom_padding=&#8220;|291px||||&#8220; global_colors_info=&#8220;{}&#8220;][et_pb_column type=&#8220;1_3&#8243; _builder_version=&#8220;4.21.0&#8243; _module_preset=&#8220;default&#8220; background_color=&#8220;#FFFFFF&#8220; background_image=&#8220;https:\/\/katharina-siebrecht.com\/wp-content\/uploads\/2023\/07\/background-1000-90&#215;300.png&#8220; custom_padding=&#8220;10px|10px|10px|10px|false|false&#8220; sticky_position=&#8220;top&#8220; border_radii=&#8220;on|20px|20px|20px|20px&#8220; global_colors_info=&#8220;{}&#8220;][\/et_pb_column][et_pb_column type=&#8220;2_3&#8243; _builder_version=&#8220;4.21.0&#8243; _module_preset=&#8220;default&#8220; global_colors_info=&#8220;{}&#8220;][et_pb_image src=&#8220;https:\/\/katharina-siebrecht.com\/wp-content\/uploads\/2023\/09\/336646044_784019673147557_5736882393899215056_n.jpg&#8220; title_text=&#8220;fbt&#8220; align=&#8220;center&#8220; _builder_version=&#8220;4.23.1&#8243; _module_preset=&#8220;default&#8220; custom_margin=&#8220;|100px||1000px|false|false&#8220; custom_padding=&#8220;|210px||210px||&#8220; global_colors_info=&#8220;{}&#8220;][\/et_pb_image][et_pb_text module_id=&#8220;Tierkommunikation&#8220; _builder_version=&#8220;4.27.3&#8243; _module_preset=&#8220;default&#8220; custom_margin=&#8220;|-300px|18px||false|false&#8220; custom_padding=&#8220;|0px|24px|||&#8220; global_colors_info=&#8220;{}&#8220;]<\/p>\n<h3 style=\"text-align: center;\"><strong>Allgemeine Gesch\u00e4ftsbedingungen<\/strong><\/h3>\n<p>Datum Inkrafttreten: 1 Februar 2025<\/p>\n<p><strong>Definitionen<\/strong><\/p>\n<p><strong>Auftrag<\/strong>: Eine Auftragsvereinbarung, mit der sich die Katzenverhaltensberaterin (kurz: Verhaltensberaterin) gegen\u00fcber dem Kunden verpflichtet, eine verhaltensberaterische T\u00e4tigkeit f\u00fcr dessen Tier(e) durchzuf\u00fchren.<\/p>\n<p><strong>Verhaltensberaterische T\u00e4tigkeit<\/strong>: Die Anamneseerhebung, die Erstellung einer Diagnose, die Festlegung eines Behandelplans und die Anleitung, Beratung und Instruktion des Klienten hinsichtlich der durchzuf\u00fchrenden Behandlung des betreffenden Tieres.<\/p>\n<p><strong>Verhaltensberaterin f\u00fcr Katzen\/ Katzenverhaltensberaterin<\/strong>: Die Person, die im Auftrag des Kunden eine Verhaltensberatung einleitet.<\/p>\n<p><strong>Kunde<\/strong>: Besitzer des Tieres, der die Katzenverhaltensberaterin mit dem unerw\u00fcnschten Verhalten seines Tieres beauftragt.<\/p>\n<p><strong>Vertragsdauer, Kosten<\/strong>: Die voraussichtliche Behandlungszeit und Vertragsdauer und die damit verbundenen Kosten werden individuell auf der Grundlage der gestellten Anamnese angeraten und mit dem Kunden besprochen. Eine erste Anamnese erfolgt w\u00e4hrend eines 20min\u00fctigen kostenfreien telefonischen Kennenlerngespr\u00e4chs. Die empfohlene Behandlungszeit wird dem Kunden nach der Anamnese schriftlich mitgeteilt.\u00a0<\/p>\n<p>Im Laufe der Verhaltensberatung kann es vorkommen, dass die Behandlungszeit und somit Vertragsdauer und Kosten angepasst werden m\u00fcssen. Die erfolgt ausschlie\u00dflich in Absprache und mit Zustimmung des Kunden. Der Kunde erh\u00e4lt eine schriftliche Best\u00e4tigung der vereinbarten Anpassungen.<\/p>\n<p>Folgetermine nur bei Bedarf; diese sind mit zus\u00e4tzlichen Kosten verbunden.<\/p>\n<p>&nbsp;<\/p>\n<p>[\/et_pb_text][et_pb_text _builder_version=&#8220;4.27.3&#8243; _module_preset=&#8220;default&#8220; custom_margin=&#8220;|-300px|||false|false&#8220; custom_padding=&#8220;14px|0px||0px||&#8220; global_colors_info=&#8220;{}&#8220;]<\/p>\n<p><strong>Artikel 1: Geltungsbereich<\/strong><\/p>\n<p>a. Diese allgemeinen Gesch\u00e4ftsbedingungen gelten f\u00fcr alle Auftr\u00e4ge, die vom Kunden erteilt und von der Katzenverhaltensberaterin angenommen werden, gem\u00e4\u00df Artikel 2 Absatz b.<\/p>\n<p>b. Der Auftrag kommt dadurch zustande, dass die Parteien m\u00fcndlich oder schriftlich vereinbaren, eine Verhaltensberatung durchzuf\u00fchren.<\/p>\n<p>c. Die Eintragung in Terminplanung des Katzenverhaltensberaterin dient als Nachweis f\u00fcr den Abschluss des Auftragsvertrages.<\/p>\n<p>&nbsp;<\/p>\n<p><strong>Artikel 2: Randbedingungen<\/strong><\/p>\n<p>a. Die Katzenverhaltensberaterin ist daf\u00fcr verantwortlich, ihre F\u00e4higkeiten, ihr Fachwissen und ihre Kenntnisse zu unterhalten, um den Auftrag zu erf\u00fcllen.<\/p>\n<p>b. Der Kunde stimmt zu, soweit es seine F\u00e4higkeiten zulassen, den Anweisungen der Katzenverhaltensberaterin zu folgen. Wenn der Kunde sich weigert, den Anweisungen der Katzenverhaltensberaterin zu folgen, hat die Katzenverhaltensberaterin die M\u00f6glichkeit, den Vertrag mit dem Kunden einseitig und vorzeitig zu beenden.<\/p>\n<p>c. Eine Verhaltensberatung erfolgt nur nach einer nachgewiesenen umfassenden medizinischen Untersuchung aller beteiligten Tiere durch einen Tierarzt.<\/p>\n<p>d. Der Kunde stimmt zu, soweit es seine F\u00e4higkeiten zulassen, w\u00e4hrend der Verhaltensberatung von den durch die Katzenverhaltensberaterin vorgeschlagenen Hilfsmitteln zum Zwecke der Sicherheit des Kunden, der Verhaltensberaterin und der Umgebung Gebrauch zu machen.<\/p>\n<p>e. Zusagen der Katzenverhaltensberaterin, die nicht schriftlich best\u00e4tigt wurden, gelten als nicht gegeben.<\/p>\n<p>f. Von Tieren, die eine Verhaltensberatung durchlaufen, wird erwartet, dass sie gegen \u00fcbertragbare Krankheiten geimpft sind, indem sie regelm\u00e4\u00dfig von einem Tierarzt entsprechend der g\u00e4ngigen Impfpraxis geimpft werden.<\/p>\n<p>&nbsp;<\/p>\n<p><strong>Artikel 3: Vereinbarung eines Auftrags; Auftragserteilung<\/strong><\/p>\n<p>a. Alle Angebote zum Vertragsschluss sind unverbindlich, sofern zwischen den Parteien nichts anderes vereinbart wurde.<\/p>\n<p>b. Der zwischen der Katzenverhaltensberaterin und dem Kunden abzuschlie\u00dfende Auftragsvertrag ist erst ab dem Zeitpunkt rechtsg\u00fcltig, an dem der Vertrag von der Katzenverhaltensberaterin schriftlich oder m\u00fcndlich best\u00e4tigt wurde, oder an dem die Katzenverhaltensberaterin mit der Ausf\u00fchrung des Vertrags begonnen hat.<\/p>\n<p>c. Die Katzenverhaltenstherapeutin hat das Recht, den Abschluss eines Auftragsvertrags f\u00fcr einen ihr zur Behandlung angebotenen Patienten abzulehnen und\/oder nur unter bestimmten, n\u00e4her festzulegenden Bedingungen anzunehmen.<\/p>\n<p>d. Der zwischen der Katzenverhaltensberaterin und dem Kunden abgeschlossene Auftragsvertrag f\u00fchrt zu einer Verpflichtung der Katzenverhaltensberaterin, sich um eine fundierte und professionelle Beratung zu bem\u00fchen. Die Katzenverhaltens-beraterin wird diese Arbeit nach bestem Wissen und Gewissen und mit der Sorgfalt, die von ihr erwartet werden kann, ausf\u00fchren.<\/p>\n<p>e. Die Katzenverhaltensberaterin hat das Recht, sich bei der Ausf\u00fchrung des Auftrags der Mitarbeit Dritter zu bedienen.<\/p>\n<p>f. Im gegenseitigen Einvernehmen der Parteien ist eine vorzeitige Beendigung m\u00f6glich. Die Katzenverhaltensberaterin muss schriftlich best\u00e4tigen, dass die Parteien dies vereinbart haben.<\/p>\n<p>g. Die Parteien k\u00f6nnen die Vereinbarung in jedem Fall ohne Angabe von Gr\u00fcnden mit sofortiger Wirkung k\u00fcndigen, wenn:<\/p>\n<p><strong>d.1<\/strong> Der Kunde insolvent erkl\u00e4rt wird;<\/p>\n<p><strong>d.2<\/strong> Dem Kunden ein (vorl\u00e4ufiger) Zahlungsaufschub gew\u00e4hrt wird;<\/p>\n<p><strong>d.3<\/strong> Der Kunde rechtskr\u00e4ftig zu einer Freiheitsstrafe (mit oder ohne Bew\u00e4hrung) wegen einer Straftat verurteilt wird;<\/p>\n<p><strong>d.4<\/strong>\u00a0Der Kunde rechtswidrig handelt<\/p>\n<p>&nbsp;<\/p>\n<p><strong>Artikel 4: Preise und Verg\u00fctung<\/strong><\/p>\n<p>a. F\u00fcr die von der Verhaltensberaterin im Rahmen des Auftrags zu erbringenden Leistungen hat die Verhaltensberaterin Anspruch auf ein Honorar, das in der Auftragsvereinbarung festzulegen ist.<\/p>\n<p>b. Das Zustandekommen der Auftragserteilung gem\u00e4\u00df Artikel 1 f\u00fchrt uneingeschr\u00e4nkt zur Verpflichtung zur vollst\u00e4ndigen Zahlung.<\/p>\n<p>c. Die Geb\u00fchr muss sp\u00e4testens am Tag der Konsultation und vor Beginn der verhaltensberaterischen T\u00e4tigkeit gezahlt werden.<\/p>\n<p>d. Teilzahlungen des Honorars f\u00fcr die verhaltensberaterische T\u00e4tigkeit sind nur nach schriftlicher Genehmigung durch die Verhaltensberaterin m\u00f6glich.<\/p>\n<p>e. Die Stornierung eines Termins durch den Kunden wird von der Verhaltensberaterin akzeptiert, sofern der Kunde diese minimal 24 Stunden vor dem Termin benachrichtigt hat.<\/p>\n<p>f. Wiederruft der Kunde eine getroffene Vereinbarung einseitig, bleibt die volle Zahlungsverpflichtung bestehen.<\/p>\n<p>g. Im Falle einer von der Verhaltensberaterin akzeptierten Stornierung zwischen 3 Tagen und 24 Stunden vor Beginn des betreffenden Termins werden 25 % des Honorars f\u00fcr diesen Termin in Rechnung gestellt.<\/p>\n<p>h. Die Stornierung durch den Kunden kann per Telefon, Voicemail, WhatsApp oder E-Mail mitgeteilt werden. Eine tats\u00e4chliche Stornierung erfolgt erst nach einer schriftlichen Best\u00e4tigung seitens der Katzenverhaltensberaterin. Behauptet der Kunde, rechtzeitig storniert zu haben, obliegt es ihm, zu beweisen, dass dies rechtzeitig kommuniziert wurde.<\/p>\n<p>i. Wenn der Kunde den Termin aufgrund von Krankheit oder Tod des Tieres oder anderen F\u00e4llen h\u00f6herer Gewalt storniert, werden alle im Voraus gezahlten Geb\u00fchren abz\u00fcglich 10% Verwaltungs- und Organisationskosten zur\u00fcckerstattet.<\/p>\n<p>j. Wenn die Verhaltensberaterin aufgrund h\u00f6herer Gewalt oder anderer Umst\u00e4nde gezwungen ist, einen Termin zu stornieren, wird sie sich bem\u00fchen, den Kunden rechtzeitig telefonisch, per WhatsApp oder E-Mail zu informieren. Aus einer nicht erfolgten Benachrichtigung \u00fcber die Absage k\u00f6nnen keine Rechte abgeleitet werden.<\/p>\n<p>&nbsp;<\/p>\n<p><strong>Artikel 5: Haftung<\/strong><\/p>\n<p>a. Die Verhaltensberaterin kann nicht daf\u00fcr haftbar gemacht werden, wenn der Kunde die gew\u00fcnschten Ergebnisse nicht erreicht. Andererseits wird die Verhaltensberaterin alle angemessenen Anstrengungen unternehmen, um das gew\u00fcnschte Ergebnis der Verhaltensberatung zu erreichen. Bei Ausbleiben des erw\u00fcnschten Erfolges, bleibt die Zahlungspflicht unber\u00fchrt.<\/p>\n<p>b. Die Verhaltensberaterin haftet nicht f\u00fcr Krankheiten und\/oder (angebliche) geistige oder k\u00f6rperliche Gebrechen, die das Tier w\u00e4hrend oder als Folge der Verhaltensberatung erleidet.<\/p>\n<p>c. Die Inanspruchnahme einer Verhaltensberatung durch den Kunden erfolgt auf eigenes Risiko und auf eigene Verantwortung. Der Kunde bleibt zu jeder Zeit f\u00fcr das Verhalten seines\/ seiner Tieres\/Tiere verantwortlich.<\/p>\n<p>d. Vom Kunden wird erwartet, dass er \u00fcber eine Haftpflichtversicherung verf\u00fcgt, die auch f\u00fcr sein Tier g\u00fcltig ist.<\/p>\n<p>&nbsp;<\/p>\n<p><strong>Artikel 6: Vertraulichkeit<\/strong><\/p>\n<p>a. Die Verhaltensberaterin behandelt alle ihr zur Verf\u00fcgung gestellten Informationen vertraulich, soweit sich dies aus der Art der Informationen ergibt.<\/p>\n<p>b. Die Verhaltensberaterin wird eventuell w\u00e4hrend eines Hausbesuchs erstelltes oder vom Kunden erhaltenes Bildmaterial f\u00fcr andere Zwecke als die der Verhaltensberatung nur mit ausdr\u00fccklicher schriftlicher Zustimmung des Kunden verwenden.<\/p>\n<p>c. Die Verhaltensberaterin kann in bestimmten F\u00e4llen einen Auszubildenden\/Praktikanten auf dem Weg zum Verhaltensberater begleiten. Die Verhaltensberaterin bittet den Kunden um eine schriftliche Zustimmung, ob der Auszubildende\/Praktikant in den Prozess der Verhaltensberatung einbezogen werden darf.<\/p>\n<p><strong>\u00a0<\/strong><\/p>\n<p><strong>Artikel 7: Geistiges Eigentumsrecht<\/strong><\/p>\n<p>a. Die Katzenverhaltensberaterin beh\u00e4lt jederzeit das Eigentum an Protokollen, Aufzeichnungen und anderen Datentr\u00e4gern wie z.B. Videoaufnahmen, die sich auf den behandelten Patienten beziehen. Die Verhaltensberaterin bewahrt diese Aufzeichnungen 5 Jahre lang auf. Der Kunde kann auf Anfrage gegen eine Geb\u00fchr in H\u00f6he des Selbstkostenpreises Kopien dieser Informationen (Tr\u00e4ger) und\/oder anderer Unterlagen erhalten.<\/p>\n<p>b. Alle Berichte, Ratschl\u00e4ge, Richtlinien und Empfehlungen der Verhaltensberaterin sind ausschlie\u00dflich f\u00fcr den Gebrauch im Rahmen der Verhaltensberatung bestimmt und d\u00fcrfen ohne vorherige schriftliche Zustimmung des Verhaltensberaterin nicht vervielf\u00e4ltigt, ver\u00f6ffentlicht oder an Dritte weitergegeben werden.<\/p>\n<p>c. Alle geistigen Eigentumsrechte an allen im Rahmen der Vereinbarung entwickelten oder zur Verf\u00fcgung gestellten Dokumenten, wie Berichte, Analysen, Entw\u00fcrfe, Brosch\u00fcren, Informationsmaterial, Website-Ver\u00f6ffentlichungen, Artikel sowie vorbereitendes Material dazu, geh\u00f6ren ausschlie\u00dflich der Katzenverhaltensberaterin.<\/p>\n<p>Die Katzenverhaltensberaterin erwirbt ausschlie\u00dflich die Nutzungsrechte und Befugnisse, die ausdr\u00fccklich in diesen Bedingungen oder anderweitig gew\u00e4hrt werden. Eine Weitergabe ist nur nach Genehmigung durch die Katzenverhaltensverhaltensberaterin zul\u00e4ssig.<\/p>\n<p><strong>\u00a0<\/strong><\/p>\n<p><strong>Artikel 8: Wissenschaftliche Arbeit<\/strong><\/p>\n<p>Die Katzenverhaltensberaterin hat das Recht, die gesammelten und anonymisierten Daten des Patienten f\u00fcr statistische und\/oder wissenschaftliche Forschungen zu verwenden oder in einer Ver\u00f6ffentlichung zu verarbeiten, es sei denn, der Kunde hat ausdr\u00fcckliche und un\u00fcberwindbare Einw\u00e4nde dagegen erhoben. Erforderlichenfalls wird die Verhaltensberaterin den Kunden im Voraus \u00fcber die beabsichtigte Verwendung der Daten zu Forschungszwecken informieren.<\/p>\n<p>&nbsp;<\/p>\n<p><strong>Artikel 9: Ratschl\u00e4ge und Empfehlungen<\/strong><\/p>\n<p>Der Besitzer eines Tieres kann bei Catarina\u2019s Holistic Cat Care Ratschl\u00e4ge und Empfehlungen hinsichtlich des (unerw\u00fcnschte) Verhaltens seines Tieres Erfragen. Die Ratschl\u00e4ge und Empfehlungen beruhen auf der umfangreichen und fachkundigen Erfahrung von Catarina\u2019s Holistic Cat Care. Sie f\u00fchren nicht zu einer Haftung von Catarina\u2019s Holistic Cat Care f\u00fcr etwaige unerw\u00fcnschte Folgen ihrer Anwendung. Dar\u00fcber hinaus ersetzen die Ratschl\u00e4ge und Empfehlungen keine Verhaltensberatung mit ausf\u00fchrlicher Anamnese, Behandlungsplan und Anleitung.\u00a0 Der Besitzer\/Eigent\u00fcmer des Tieres bleibt f\u00fcr die Folgen der Handlungen seines Tieres gem\u00e4\u00df den Bestimmungen des Zivilgesetzbuches haftbar. Eine Haftpflichtversicherung ist erforderlich, wie in Artikel 1des allgemeinen Reglements beschrieben.<\/p>\n<p>&nbsp;<\/p>\n<p><strong>Artikel 10: Anwendbares Recht und Streitbeilegung<\/strong><\/p>\n<p>a. Alle Vereinbarungen, auf die diese Bedingungen f\u00fcr anwendbar erkl\u00e4rt werden, unterliegen dem niederl\u00e4ndischen Recht.<\/p>\n<p>b. Alle gerichtlichen und au\u00dfergerichtlichen Kosten, die der Verhaltensberaterin f\u00fcr die Wahrung ihrer Rechte im Zusammenhang mit der Einforderung der vom Kunden geschuldeten Betr\u00e4ge entstehen, gehen zu Lasten des Kunden.<\/p>\n<p>c. Alles andere, hier nicht festgelegte, entscheidet die Katzenverhaltensberaterin. Diese Entscheidungen sind verbindlich.<\/p>\n<p>d. Die Parteien vereinbaren f\u00fcr alle Streitigkeiten, die sich im Zusammenhang mit diesen Allgemeinen Gesch\u00e4ftsbedingungen ergeben, dass diese Streitigkeiten in erster Instanz dem Bezirksgericht vorgelegt werden, welchem die Verhaltensberaterin unterliegt.<\/p>\n<p style=\"text-align: justify;\">\n<p>[\/et_pb_text][et_pb_text _builder_version=&#8220;4.27.3&#8243; _module_preset=&#8220;default&#8220; width=&#8220;140.2%&#8220; custom_margin=&#8220;31px|-233px|39px||false|false&#8220; custom_padding=&#8220;54px|70px||||&#8220; global_colors_info=&#8220;{}&#8220;]<\/p>\n<p><strong>Erg\u00e4nzung zu den Allgemeinen Gesch\u00e4ftsbedingungen: Tierkommunikation und Energiearbeit<\/strong><\/p>\n<p><strong>Definitionen:<\/strong><\/p>\n<p><strong>Tiergespr\u00e4che; Tierkommunikation: <\/strong>Die intuitive und telepathische Kommunikation mit einem Tier und die \u00dcbersetzung und \u00dcbermittlung der auf diese Weise gewonnenen Informationen an den Kunden.<\/p>\n<p><strong>Energiearbeit<\/strong><strong>:<\/strong> Arbeit auf energetischer und feinstofflicher Ebene, um St\u00f6rungen, Blockaden und Ungleichgewichte im Energiesystem und Energiefeld zu beseitigen und auszugleichen und so das Wohlbefinden des Tieres (und seines Besitzers) zu verbessern.<\/p>\n<p>&nbsp;<\/p>\n<p><strong>1. <\/strong><strong>Allgemein<\/strong><\/p>\n<p>a. F\u00fcr die von Catarina&#8217;s Holistic Cat Care angebotenen Dienstleistungen &#8222;Tiergespr\u00e4che&#8220; und &#8222;Energiearbeit&#8220; gelten die oben festgelegten allgemeinen Gesch\u00e4ftsbedingungen.<\/p>\n<p>b. Sowohl die Tierkommunikation als auch die Energiearbeit werden ausschlie\u00dflich in Absprache mit dem Kunden im Rahmen einer Verhaltensberatung oder, wie in Artikel 3 definiert, im Auftrag des Kunden durchgef\u00fchrt.<\/p>\n<p>c. Die Verhaltensberaterin wird die Informationen, die sie vom Tier durch die Tierkommunikation erh\u00e4lt, sorgf\u00e4ltig und vertraulich behandeln und nach bestem Wissen und Gewissen an den Kunden weitergeben. Auch die Energiearbeit wird vertraulich und sorgf\u00e4ltig durchgef\u00fchrt.<\/p>\n<p>&nbsp;<\/p>\n<p><strong>2. Medizinische Implikationen und Heilversprechen<\/strong><\/p>\n<p>Sowohl die Tierkommunikation als auch die Energiearbeit ersetzen nicht die medizinische Untersuchung und Behandlung durch einen Tierarzt. Es werden keine medizinischen Diagnosen gestellt oder Heilversprechen gegeben.<\/p>\n<p>[\/et_pb_text][et_pb_image src=&#8220;https:\/\/katharina-siebrecht.com\/wp-content\/uploads\/2023\/09\/WhatsApp-Bild-2023-06-24-um-23.36.04.jpg&#8220; title_text=&#8220;WhatsApp Bild 2023-06-24 um 23.36.04&#8243; align=&#8220;center&#8220; _builder_version=&#8220;4.23.1&#8243; _module_preset=&#8220;default&#8220; custom_margin=&#8220;|250px||2247px|false|false&#8220; global_colors_info=&#8220;{}&#8220;][\/et_pb_image][\/et_pb_column][\/et_pb_row][\/et_pb_section]<\/p>\n","protected":false},"excerpt":{"rendered":"<p>Allgemeine Gesch\u00e4ftsbedingungen Datum Inkrafttreten: 1 Februar 2025 Definitionen Auftrag: Eine Auftragsvereinbarung, mit der sich die Katzenverhaltensberaterin (kurz: Verhaltensberaterin) gegen\u00fcber dem Kunden verpflichtet, eine verhaltensberaterische T\u00e4tigkeit f\u00fcr dessen Tier(e) durchzuf\u00fchren. Verhaltensberaterische T\u00e4tigkeit: Die Anamneseerhebung, die Erstellung einer Diagnose, die Festlegung eines Behandelplans und die Anleitung, Beratung und Instruktion des Klienten hinsichtlich der durchzuf\u00fchrenden Behandlung des betreffenden [&hellip;]<\/p>\n","protected":false},"author":1,"featured_media":0,"parent":0,"menu_order":0,"comment_status":"closed","ping_status":"closed","template":"","meta":{"_et_pb_use_builder":"on","_et_pb_old_content":"<!-- wp:divi\/placeholder \/-->","_et_gb_content_width":"","footnotes":""},"class_list":["post-39","page","type-page","status-publish","hentry"],"yoast_head":"<!-- This site is optimized with the Yoast SEO plugin v27.3 - https:\/\/yoast.com\/product\/yoast-seo-wordpress\/ -->\n<title>Algemene voorwaarden - Katharina Siebrecht<\/title>\n<meta name=\"robots\" content=\"index, follow, max-snippet:-1, max-image-preview:large, max-video-preview:-1\" \/>\n<link rel=\"canonical\" href=\"https:\/\/katharina-siebrecht.com\/en\/algemene-voorwaarden\/\" \/>\n<meta property=\"og:locale\" content=\"en_US\" \/>\n<meta property=\"og:type\" content=\"article\" \/>\n<meta property=\"og:title\" content=\"Algemene voorwaarden - Katharina Siebrecht\" \/>\n<meta property=\"og:description\" content=\"Allgemeine Gesch\u00e4ftsbedingungen Datum Inkrafttreten: 1 Februar 2025 Definitionen Auftrag: Eine Auftragsvereinbarung, mit der sich die Katzenverhaltensberaterin (kurz: Verhaltensberaterin) gegen\u00fcber dem Kunden verpflichtet, eine verhaltensberaterische T\u00e4tigkeit f\u00fcr dessen Tier(e) durchzuf\u00fchren. Verhaltensberaterische T\u00e4tigkeit: Die Anamneseerhebung, die Erstellung einer Diagnose, die Festlegung eines Behandelplans und die Anleitung, Beratung und Instruktion des Klienten hinsichtlich der durchzuf\u00fchrenden Behandlung des betreffenden [&hellip;]\" \/>\n<meta property=\"og:url\" content=\"https:\/\/katharina-siebrecht.com\/en\/algemene-voorwaarden\/\" \/>\n<meta property=\"og:site_name\" content=\"Katharina Siebrecht\" \/>\n<meta property=\"article:modified_time\" content=\"2025-05-15T11:50:30+00:00\" \/>\n<meta name=\"twitter:card\" content=\"summary_large_image\" \/>\n<meta name=\"twitter:label1\" content=\"Est. reading time\" \/>\n\t<meta name=\"twitter:data1\" content=\"10 minutes\" \/>\n<script type=\"application\/ld+json\" class=\"yoast-schema-graph\">{\"@context\":\"https:\\\/\\\/schema.org\",\"@graph\":[{\"@type\":\"WebPage\",\"@id\":\"https:\\\/\\\/katharina-siebrecht.com\\\/algemene-voorwaarden\\\/\",\"url\":\"https:\\\/\\\/katharina-siebrecht.com\\\/algemene-voorwaarden\\\/\",\"name\":\"Algemene voorwaarden - Katharina Siebrecht\",\"isPartOf\":{\"@id\":\"https:\\\/\\\/katharina-siebrecht.com\\\/#website\"},\"datePublished\":\"2023-07-20T06:46:43+00:00\",\"dateModified\":\"2025-05-15T11:50:30+00:00\",\"breadcrumb\":{\"@id\":\"https:\\\/\\\/katharina-siebrecht.com\\\/algemene-voorwaarden\\\/#breadcrumb\"},\"inLanguage\":\"en-US\",\"potentialAction\":[{\"@type\":\"ReadAction\",\"target\":[\"https:\\\/\\\/katharina-siebrecht.com\\\/algemene-voorwaarden\\\/\"]}]},{\"@type\":\"BreadcrumbList\",\"@id\":\"https:\\\/\\\/katharina-siebrecht.com\\\/algemene-voorwaarden\\\/#breadcrumb\",\"itemListElement\":[{\"@type\":\"ListItem\",\"position\":1,\"name\":\"Home\",\"item\":\"https:\\\/\\\/katharina-siebrecht.com\\\/\"},{\"@type\":\"ListItem\",\"position\":2,\"name\":\"Algemene voorwaarden\"}]},{\"@type\":\"WebSite\",\"@id\":\"https:\\\/\\\/katharina-siebrecht.com\\\/#website\",\"url\":\"https:\\\/\\\/katharina-siebrecht.com\\\/\",\"name\":\"Katharina Siebrecht\",\"description\":\"Holistic Catrina&#039;s Care\",\"potentialAction\":[{\"@type\":\"SearchAction\",\"target\":{\"@type\":\"EntryPoint\",\"urlTemplate\":\"https:\\\/\\\/katharina-siebrecht.com\\\/?s={search_term_string}\"},\"query-input\":{\"@type\":\"PropertyValueSpecification\",\"valueRequired\":true,\"valueName\":\"search_term_string\"}}],\"inLanguage\":\"en-US\"}]}<\/script>\n<!-- \/ Yoast SEO plugin. -->","yoast_head_json":{"title":"Algemene voorwaarden - Katharina Siebrecht","robots":{"index":"index","follow":"follow","max-snippet":"max-snippet:-1","max-image-preview":"max-image-preview:large","max-video-preview":"max-video-preview:-1"},"canonical":"https:\/\/katharina-siebrecht.com\/en\/algemene-voorwaarden\/","og_locale":"en_US","og_type":"article","og_title":"Algemene voorwaarden - Katharina Siebrecht","og_description":"Allgemeine Gesch\u00e4ftsbedingungen Datum Inkrafttreten: 1 Februar 2025 Definitionen Auftrag: Eine Auftragsvereinbarung, mit der sich die Katzenverhaltensberaterin (kurz: Verhaltensberaterin) gegen\u00fcber dem Kunden verpflichtet, eine verhaltensberaterische T\u00e4tigkeit f\u00fcr dessen Tier(e) durchzuf\u00fchren. Verhaltensberaterische T\u00e4tigkeit: Die Anamneseerhebung, die Erstellung einer Diagnose, die Festlegung eines Behandelplans und die Anleitung, Beratung und Instruktion des Klienten hinsichtlich der durchzuf\u00fchrenden Behandlung des betreffenden [&hellip;]","og_url":"https:\/\/katharina-siebrecht.com\/en\/algemene-voorwaarden\/","og_site_name":"Katharina Siebrecht","article_modified_time":"2025-05-15T11:50:30+00:00","twitter_card":"summary_large_image","twitter_misc":{"Est. reading time":"10 minutes"},"schema":{"@context":"https:\/\/schema.org","@graph":[{"@type":"WebPage","@id":"https:\/\/katharina-siebrecht.com\/algemene-voorwaarden\/","url":"https:\/\/katharina-siebrecht.com\/algemene-voorwaarden\/","name":"Algemene voorwaarden - Katharina Siebrecht","isPartOf":{"@id":"https:\/\/katharina-siebrecht.com\/#website"},"datePublished":"2023-07-20T06:46:43+00:00","dateModified":"2025-05-15T11:50:30+00:00","breadcrumb":{"@id":"https:\/\/katharina-siebrecht.com\/algemene-voorwaarden\/#breadcrumb"},"inLanguage":"en-US","potentialAction":[{"@type":"ReadAction","target":["https:\/\/katharina-siebrecht.com\/algemene-voorwaarden\/"]}]},{"@type":"BreadcrumbList","@id":"https:\/\/katharina-siebrecht.com\/algemene-voorwaarden\/#breadcrumb","itemListElement":[{"@type":"ListItem","position":1,"name":"Home","item":"https:\/\/katharina-siebrecht.com\/"},{"@type":"ListItem","position":2,"name":"Algemene voorwaarden"}]},{"@type":"WebSite","@id":"https:\/\/katharina-siebrecht.com\/#website","url":"https:\/\/katharina-siebrecht.com\/","name":"Katharina Siebrecht","description":"Holistic Catrina&#039;s Care","potentialAction":[{"@type":"SearchAction","target":{"@type":"EntryPoint","urlTemplate":"https:\/\/katharina-siebrecht.com\/?s={search_term_string}"},"query-input":{"@type":"PropertyValueSpecification","valueRequired":true,"valueName":"search_term_string"}}],"inLanguage":"en-US"}]}},"_links":{"self":[{"href":"https:\/\/katharina-siebrecht.com\/en\/wp-json\/wp\/v2\/pages\/39","targetHints":{"allow":["GET"]}}],"collection":[{"href":"https:\/\/katharina-siebrecht.com\/en\/wp-json\/wp\/v2\/pages"}],"about":[{"href":"https:\/\/katharina-siebrecht.com\/en\/wp-json\/wp\/v2\/types\/page"}],"author":[{"embeddable":true,"href":"https:\/\/katharina-siebrecht.com\/en\/wp-json\/wp\/v2\/users\/1"}],"replies":[{"embeddable":true,"href":"https:\/\/katharina-siebrecht.com\/en\/wp-json\/wp\/v2\/comments?post=39"}],"version-history":[{"count":23,"href":"https:\/\/katharina-siebrecht.com\/en\/wp-json\/wp\/v2\/pages\/39\/revisions"}],"predecessor-version":[{"id":708,"href":"https:\/\/katharina-siebrecht.com\/en\/wp-json\/wp\/v2\/pages\/39\/revisions\/708"}],"wp:attachment":[{"href":"https:\/\/katharina-siebrecht.com\/en\/wp-json\/wp\/v2\/media?parent=39"}],"curies":[{"name":"wp","href":"https:\/\/api.w.org\/{rel}","templated":true}]}}